{"id":1015,"date":"2025-11-10T15:08:05","date_gmt":"2025-11-10T15:08:05","guid":{"rendered":"https:\/\/faroamesa.pt\/?page_id=1015"},"modified":"2025-11-10T15:48:29","modified_gmt":"2025-11-10T15:48:29","slug":"politica-cookies","status":"publish","type":"page","link":"https:\/\/faroamesa.pt\/en\/politica-cookies\/","title":{"rendered":"Cookie Policy"},"content":{"rendered":"<main class=\"wp-block-group has-medium-font-size has-global-padding is-layout-constrained wp-container-core-group-is-layout-5a30f31b wp-block-group-is-layout-constrained\">\n<p><em>This Cookie Policy was last updated on 10\/11\/2025 and applies to citizens and permanent legal residents of the European Economic Area and Switzerland.<\/em><\/p>\n\n\n\n<section id=\"introducao\" class=\"wp-block-group has-global-padding is-layout-constrained wp-block-group-is-layout-constrained\">\n<h2 class=\"wp-block-heading\">1. Introduction<\/h2>\n\n\n\n<p>The website <a href=\"https:\/\/faroamesa.pt\/en\/\"><strong>https:\/\/faroamesa.pt<\/strong><\/a> (hereinafter: \u201cthe site\u201d), managed by <strong>Bons Of\u00edcios \u2013 Associa\u00e7\u00e3o Cultural<\/strong>uses cookies and other related technologies (for convenience, all technologies are referred to as \u201ccookies\u201d). Some cookies are placed by third parties with whom we have established agreements. The document below informs you about our use of cookies.<\/p>\n<\/section>\n\n\n\n<div id=\"cookies\" class=\"wp-block-group has-global-padding is-layout-constrained wp-block-group-is-layout-constrained\">\n<h2 class=\"wp-block-heading\">2. What are cookies?<\/h2>\n\n\n\n<p>A cookie is a small, simple file that is sent along with the pages of this site and stored by your browser on the hard drive of your computer or other device. The information stored may be sent back to our servers or to the servers of relevant third parties during a subsequent visit.<\/p>\n<\/div>\n\n\n\n<div id=\"scripts\" class=\"wp-block-group has-global-padding is-layout-constrained wp-block-group-is-layout-constrained\">\n<h2 class=\"wp-block-heading\">3. What are scripts?<\/h2>\n\n\n\n<p>A script is a piece of code that is used to make our site function properly and interactively. This code is executed on our server or on your device.<\/p>\n<\/div>\n\n\n\n<div id=\"beacons\" class=\"wp-block-group has-global-padding is-layout-constrained wp-block-group-is-layout-constrained\">\n<h2 class=\"wp-block-heading\">4. What is a web beacon?<\/h2>\n\n\n\n<p>A web beacon (or pixel tag) is a small, invisible text or image on a website that is used to monitor traffic on a site. To do this, various data about you are stored using web beacons.<\/p>\n<\/div>\n\n\n\n<div id=\"tipos-cookies\" class=\"wp-block-group has-global-padding is-layout-constrained wp-block-group-is-layout-constrained\">\n<h2 class=\"wp-block-heading\">5. Cookies<\/h2>\n\n\n\n<p><span style=\"text-decoration: underline;\">5.1 Technical or Functional Cookies<\/span><\/p>\n\n\n\n<p>Some cookies ensure that certain parts of the site work correctly and that your user preferences remain saved. By placing functional cookies, we make it easier for you to visit our site. We may place these cookies without your consent.<\/p>\n\n\n\n<p><span style=\"text-decoration: underline;\">5.2 Analytical Cookies<\/span><\/p>\n\n\n\n<p>We use analytical cookies to optimise the website experience. With these cookies, we obtain insights into the usage and performance of our site. These cookies are only placed after you have given your consent. <\/p>\n\n\n\n<p><span style=\"text-decoration: underline;\">5.3 Marketing\/Tracking Cookies<\/span><\/p>\n\n\n\n<p>Marketing\/tracking cookies are cookies used to create user profiles to display advertising or to track the user on this site, or across different websites for similar marketing purposes. These cookies are only placed after you have given your consent. <\/p>\n<\/div>\n\n\n\n<div id=\"cookies-inseridos\" class=\"wp-block-group has-global-padding is-layout-constrained wp-block-group-is-layout-constrained\">\n<h2 class=\"wp-block-heading\">6. Used Cookies<\/h2>\n\n\n\n<p class=\"has-libre-franklin-font-family\"><strong>WordPress <\/strong>\u2013 Functional<\/p>\n\n\n\n<figure class=\"wp-block-table is-style-stripes has-libre-franklin-font-family has-small-font-size\"><table class=\"has-fixed-layout\"><tbody><tr><td><strong>Name<\/strong><\/td><td><strong>Expiry<\/strong><\/td><td><strong>Purpose<\/strong><\/td><\/tr><tr><td><a href=\"https:\/\/cookiedatabase.org\/cookie\/wordpress\/wp_preferences_user_\/\" target=\"_blank\" rel=\"noopener noreferrer nofollow\">WP_PREFERENCES_USER_*<\/a><\/td><td>persistent<\/td><td>Stores user preferences<\/td><\/tr><tr><td><a href=\"https:\/\/cookiedatabase.org\/cookie\/wordpress\/wpemojisettingssupports\/\" target=\"_blank\" rel=\"noopener noreferrer nofollow\">wpEmojiSettingsSupports<\/a><\/td><td>session<\/td><td>Stores browser details<\/td><\/tr><tr><td><a href=\"https:\/\/cookiedatabase.org\/cookie\/wordpress\/wp-settings\/\" target=\"_blank\" rel=\"noopener noreferrer nofollow\">wp-settings-*<\/a><\/td><td>persistent<\/td><td>Stores user preferences<\/td><\/tr><tr><td><a href=\"https:\/\/cookiedatabase.org\/cookie\/wordpress\/wordpress_test_cookie\/\" target=\"_blank\" rel=\"noopener noreferrer nofollow\">wordpress_test_cookie<\/a><\/td><td>session<\/td><td>Checks if cookies can be stored<\/td><\/tr><tr><td><a href=\"https:\/\/cookiedatabase.org\/cookie\/wordpress\/wp_lang\/\" target=\"_blank\" rel=\"noopener noreferrer nofollow\">wp_lang<\/a><\/td><td>session<\/td><td>Stores language options<\/td><\/tr><tr><td><a href=\"https:\/\/cookiedatabase.org\/cookie\/unknown-service\/wp\/\" target=\"_blank\" rel=\"noopener noreferrer nofollow\">wp-*<\/a><\/td><td><\/td><td><\/td><\/tr><tr><td>wp-settings-time-1<\/td><td><\/td><td><\/td><\/tr><tr><td>wp_consent_*<\/td><td><\/td><td>Stores cookie consent preferences<\/td><\/tr><\/tbody><\/table><\/figure>\n\n\n\n<p class=\"has-libre-caslon-text-font-family\">These cookies are necessary for the normal functioning of the site, and this data is not shared with third parties. <\/p>\n\n\n\n<p class=\"has-libre-franklin-font-family\"><strong>Google Fonts <\/strong>\u2013 Functional<\/p>\n\n\n\n<figure class=\"wp-block-table is-style-stripes has-libre-franklin-font-family has-small-font-size\"><table class=\"has-fixed-layout\"><tbody><tr><td><strong>Name<\/strong><\/td><td><strong>Expiry<\/strong><\/td><td><strong>Purpose<\/strong><\/td><\/tr><tr><td>Google Fonts API<\/td><td><\/td><td><\/td><\/tr><\/tbody><\/table><\/figure>\n\n\n\n<p class=\"has-libre-caslon-text-font-family\">Used for the display of web fonts. For more information, read the <a href=\"https:\/\/developers.google.com\/fonts\/faq\/privacy\" target=\"_blank\" rel=\"noopener noreferrer nofollow\">Google Fonts Privacy Statement<\/a>. <\/p>\n\n\n\n<p class=\"has-libre-franklin-font-family\"><strong>Google Maps <\/strong>\u2013 Functional<\/p>\n\n\n\n<figure class=\"wp-block-table is-style-stripes has-libre-franklin-font-family has-small-font-size\"><table class=\"has-fixed-layout\"><tbody><tr><td><strong>Name<\/strong><\/td><td><strong>Expiry<\/strong><\/td><td><strong>Purpose<\/strong><\/td><\/tr><tr><td>Google Maps API<\/td><td><\/td><td><\/td><\/tr><\/tbody><\/table><\/figure>\n\n\n\n<p class=\"has-libre-caslon-text-font-family\">Used for the display of maps on the website. For more information, read the <a href=\"https:\/\/policies.google.com\/privacy\" target=\"_blank\" rel=\"noopener noreferrer nofollow\">Google Privacy Policy<\/a>.<\/p>\n\n\n\n<p class=\"has-libre-franklin-font-family\"><strong>Google Analytics <\/strong>\u2013 Analytical<\/p>\n\n\n\n<figure class=\"wp-block-table is-style-stripes has-libre-franklin-font-family has-small-font-size\"><table class=\"has-fixed-layout\"><tbody><tr><td><strong>Name<\/strong><\/td><td><strong>Expiry<\/strong><\/td><td><strong>Purpose<\/strong><\/td><\/tr><tr><td>_ga<\/td><td>400 days<\/td><td><\/td><\/tr><tr><td>_ga_*<\/td><td>400 days<\/td><td><\/td><\/tr><\/tbody><\/table><\/figure>\n\n\n\n<p class=\"has-libre-caslon-text-font-family\">We use Google Analytics to record site usage and performance.<\/p>\n\n\n\n<p class=\"has-libre-franklin-font-family\"><strong>Miscellaneous<\/strong><\/p>\n\n\n\n<figure class=\"wp-block-table is-style-stripes has-libre-franklin-font-family has-small-font-size\"><table class=\"has-fixed-layout\"><tbody><tr><td><strong>Name<\/strong><\/td><td><strong>Expiry<\/strong><\/td><td><strong>Purpose<\/strong><\/td><\/tr><tr><td>cmplz_* <\/td><td>365 days<\/td><td>Stores cookie consent preferences<\/td><\/tr><tr><td>cmplzSelectedRegion<\/td><td>365 days<\/td><td>Stores cookie consent preferences<\/td><\/tr><\/tbody><\/table><\/figure>\n<\/div>\n\n\n\n<div id=\"consentimento\" class=\"wp-block-group has-global-padding is-layout-constrained wp-block-group-is-layout-constrained\">\n<h2 class=\"wp-block-heading\">7. Consent<\/h2>\n\n\n\n<p>When you visit our website for the first time, we will show you a pop-up with an explanation about cookies. As soon as you click on \u201cSave preferences\u201d, you authorise us to use the categories of cookies and plug-ins you selected in the pop-up, as described in this Cookie Policy. You can disable the use of cookies via your browser, but the website may not function correctly.<\/p>\n<\/div>\n\n\n\n<div id=\"ativacao-exclusao\" class=\"wp-block-group has-global-padding is-layout-constrained wp-block-group-is-layout-constrained\">\n<h2 class=\"wp-block-heading\">8. Enabling\/Disabling and Deleting Cookies<\/h2>\n\n\n\n<p>You can configure your web browser to exclude cookies automatically or manually. You can also specify which cookies may or may not be placed. For more information about these options, please refer to the instructions in the Help section of your browser.<\/p>\n\n\n\n<p>Please note that our website may not function correctly if all cookies are disabled. If you delete the cookies in your browser, they will be placed again after your consent when you visit our website again.<\/p>\n<\/div>\n\n\n\n<div id=\"contacto\" class=\"wp-block-group has-global-padding is-layout-constrained wp-block-group-is-layout-constrained\">\n<h2 class=\"wp-block-heading\">9. Contact Details<\/h2>\n\n\n\n<p>For questions and\/or comments regarding our Cookie Policy and this statement, please contact us using the contact details provided in point no. 1 of our <a href=\"\/en\/politica-privacidade\/#quem-somos\">Privacy Policy<\/a>.<br><\/p>\n<\/div>\n<\/main>","protected":false},"excerpt":{"rendered":"<p>Esta Pol\u00edtica de Cookies foi atualizada pela \u00faltima vez em 10\/11\/2025 e aplica-se a cidad\u00e3os e residentes legais permanentes do Espa\u00e7o Econ\u00f3mico Europeu e Su\u00ed\u00e7a. 1. Introdu\u00e7\u00e3o O website https:\/\/faroamesa.pt (em diante: &#8220;o site&#8221;), gerido pela Bons Of\u00edcios &#8211; Associa\u00e7\u00e3o Cultural, usa cookies e outras tecnologias relacionadas (por conveni\u00eancia, todas as tecnologias s\u00e3o referidas como [&hellip;]<\/p>\n","protected":false},"author":1,"featured_media":0,"parent":0,"menu_order":0,"comment_status":"closed","ping_status":"closed","template":"","meta":{"footnotes":""},"class_list":["post-1015","page","type-page","status-publish","hentry"],"_links":{"self":[{"href":"https:\/\/faroamesa.pt\/en\/wp-json\/wp\/v2\/pages\/1015","targetHints":{"allow":["GET"]}}],"collection":[{"href":"https:\/\/faroamesa.pt\/en\/wp-json\/wp\/v2\/pages"}],"about":[{"href":"https:\/\/faroamesa.pt\/en\/wp-json\/wp\/v2\/types\/page"}],"author":[{"embeddable":true,"href":"https:\/\/faroamesa.pt\/en\/wp-json\/wp\/v2\/users\/1"}],"replies":[{"embeddable":true,"href":"https:\/\/faroamesa.pt\/en\/wp-json\/wp\/v2\/comments?post=1015"}],"version-history":[{"count":5,"href":"https:\/\/faroamesa.pt\/en\/wp-json\/wp\/v2\/pages\/1015\/revisions"}],"predecessor-version":[{"id":1036,"href":"https:\/\/faroamesa.pt\/en\/wp-json\/wp\/v2\/pages\/1015\/revisions\/1036"}],"wp:attachment":[{"href":"https:\/\/faroamesa.pt\/en\/wp-json\/wp\/v2\/media?parent=1015"}],"curies":[{"name":"wp","href":"https:\/\/api.w.org\/{rel}","templated":true}]}}