{"id":17,"date":"2025-10-23T16:06:44","date_gmt":"2025-10-23T15:06:44","guid":{"rendered":"https:\/\/faroamesa.pt\/?page_id=17"},"modified":"2025-11-18T12:32:29","modified_gmt":"2025-11-18T12:32:29","slug":"pagina-inicial","status":"publish","type":"page","link":"https:\/\/faroamesa.pt\/en\/","title":{"rendered":"Homepage"},"content":{"rendered":"<div class=\"wp-block-cover alignfull has-custom-content-position is-position-bottom-center hp-cover wp-duotone-unset-1\" style=\"border-style:none;border-width:0px;border-radius:0px;margin-top:0;margin-bottom:0;padding-top:var(--wp--preset--spacing--50);padding-right:var(--wp--preset--spacing--50);padding-bottom:var(--wp--preset--spacing--50);padding-left:var(--wp--preset--spacing--50);min-height:840px;aspect-ratio:unset;\"><img data-dominant-color=\"8c5010\" data-has-transparency=\"false\" style=\"--dominant-color: #8c5010;\" loading=\"lazy\" decoding=\"async\" width=\"1920\" height=\"1280\" sizes=\"auto, 100vw\" class=\"wp-block-cover__image-background wp-image-90 size-full not-transparent\" alt=\"\" src=\"https:\/\/faroamesa.pt\/wp-content\/uploads\/2025\/10\/Capa-02-1920w.webp\" data-object-fit=\"cover\" srcset=\"https:\/\/faroamesa.pt\/wp-content\/uploads\/2025\/10\/Capa-02-1920w.webp 1920w, https:\/\/faroamesa.pt\/wp-content\/uploads\/2025\/10\/Capa-02-1920w-300x200.webp 300w, https:\/\/faroamesa.pt\/wp-content\/uploads\/2025\/10\/Capa-02-1920w-1024x683.webp 1024w, https:\/\/faroamesa.pt\/wp-content\/uploads\/2025\/10\/Capa-02-1920w-768x512.webp 768w, https:\/\/faroamesa.pt\/wp-content\/uploads\/2025\/10\/Capa-02-1920w-1536x1024.webp 1536w\" \/><span aria-hidden=\"true\" class=\"wp-block-cover__background has-background-dim-40 has-background-dim\"><\/span><div class=\"wp-block-cover__inner-container has-global-padding is-layout-constrained wp-container-core-cover-is-layout-3aaaaffa wp-block-cover-is-layout-constrained\">\n<div class=\"wp-block-group alignwide has-global-padding is-content-justification-left is-layout-constrained wp-container-core-group-is-layout-12dd3699 wp-block-group-is-layout-constrained\">\n<figure class=\"wp-block-image size-full\"><img data-dominant-color=\"ffffff\" data-has-transparency=\"true\" style=\"--dominant-color: #ffffff;\" loading=\"lazy\" decoding=\"async\" width=\"1024\" height=\"576\" sizes=\"auto, (max-width: 645px) 100vw, 645px\" src=\"https:\/\/faroamesa.pt\/wp-content\/uploads\/2025\/11\/FaroAMesa-logo-branco-edited.webp\" alt=\"\" class=\"wp-image-850 has-transparency\" srcset=\"https:\/\/faroamesa.pt\/wp-content\/uploads\/2025\/11\/FaroAMesa-logo-branco-edited.webp 1024w, https:\/\/faroamesa.pt\/wp-content\/uploads\/2025\/11\/FaroAMesa-logo-branco-edited-512x288.webp 512w, https:\/\/faroamesa.pt\/wp-content\/uploads\/2025\/11\/FaroAMesa-logo-branco-edited-768x432.webp 768w, https:\/\/faroamesa.pt\/wp-content\/uploads\/2025\/11\/FaroAMesa-logo-branco-edited-18x10.webp 18w\" \/><\/figure>\n\n\n\n<h1 class=\"wp-block-heading has-text-align-left nodisplay has-xx-large-font-size\">Faro \u00e0 Mesa<\/h1>\n\n\n\n<h2 class=\"wp-block-heading\">Discover where to eat in Faro<\/h2>\n\n\n\n<div class=\"wp-block-buttons is-layout-flex wp-block-buttons-is-layout-flex\">\n<div class=\"wp-block-button\"><a class=\"wp-block-button__link wp-element-button\" href=\"https:\/\/faroamesa.pt\/en\/restaurantes\/\">View restaurants<\/a><\/div>\n\n\n\n<div class=\"wp-block-button\"><a class=\"wp-block-button__link wp-element-button\" href=\"https:\/\/faroamesa.pt\/en\/mapa-restaurantes\/\">Restaurant map<\/a><\/div>\n<\/div>\n<\/div>\n<\/div><\/div>\n\n\n\n<div class=\"wp-block-group alignfull is-style-section-5 has-global-padding is-layout-constrained wp-block-group-is-layout-constrained is-style-section-5--2\" style=\"margin-top:0;margin-bottom:0;padding-top:var(--wp--preset--spacing--50);padding-bottom:var(--wp--preset--spacing--50)\">\n<div class=\"wp-block-columns alignwide is-layout-flex wp-container-core-columns-is-layout-7ee84d44 wp-block-columns-is-layout-flex\">\n<div class=\"wp-block-column is-vertically-aligned-center is-layout-flow wp-block-column-is-layout-flow\" style=\"flex-basis:50%\">\n<h2 class=\"wp-block-heading\">About the guide<\/h2>\n\n\n\n<p class=\"has-inter-font-family has-medium-font-size\">The<em> Faro \u00e0 Mesa Guide \u2013 Where to eat in the city and surrounding areas <\/em>aims to promote the restaurants in the municipality of Faro, highlighting the diversity and quality offered.<\/p>\n\n\n\n<p class=\"has-inter-font-family has-medium-font-size\">We approached many of the local restaurants and asked them if they would be interested in partnering with us for this project. The 54 entries in this first edition are the result.<\/p>\n<\/div>\n\n\n\n<div class=\"wp-block-column is-vertically-aligned-center is-layout-flow wp-block-column-is-layout-flow\" style=\"flex-basis:50%\">\n<figure class=\"wp-block-image size-full\"><img data-dominant-color=\"ddba8f\" data-has-transparency=\"false\" loading=\"lazy\" decoding=\"async\" width=\"768\" height=\"512\" sizes=\"auto, (max-width: 322px) 100vw, 322px\" src=\"https:\/\/faroamesa.pt\/wp-content\/uploads\/2025\/10\/Foto-1-512h.webp\" alt=\"\" class=\"wp-image-108 not-transparent\" style=\"--dominant-color: #ddba8f; aspect-ratio:4\/3;object-fit:cover\" srcset=\"https:\/\/faroamesa.pt\/wp-content\/uploads\/2025\/10\/Foto-1-512h.webp 768w, https:\/\/faroamesa.pt\/wp-content\/uploads\/2025\/10\/Foto-1-512h-300x200.webp 300w\" \/><\/figure>\n<\/div>\n<\/div>\n<\/div>\n\n\n\n<div class=\"wp-block-group alignfull has-global-padding is-layout-constrained wp-block-group-is-layout-constrained\" style=\"margin-top:0;margin-bottom:0\">\n<div class=\"wp-block-group alignwide is-vertical is-layout-flex wp-container-core-group-is-layout-74d635b2 wp-block-group-is-layout-flex\" style=\"padding-top:var(--wp--preset--spacing--50);padding-bottom:var(--wp--preset--spacing--50)\">\n<div class=\"wp-block-group has-global-padding is-layout-constrained wp-container-core-group-is-layout-12243e0f wp-block-group-is-layout-constrained\">\n<p class=\"is-style-text-subtitle is-style-text-subtitle--3\">In addition to <strong>experiences<\/strong>, restaurants serving <strong>traditional portuguese food<\/strong>, <strong>international <\/strong>and <strong>vegan food<\/strong>, this guide also includes <strong>bistros<\/strong>, <strong>tapas <\/strong>and <strong>snacks <\/strong>as well as a selection of <strong>caf\u00e9s <\/strong>and <strong>pastry shops<\/strong>. <\/p>\n\n\n\n<figure class=\"wp-block-gallery has-nested-images columns-3 is-cropped wp-block-gallery-4 is-layout-flex wp-block-gallery-is-layout-flex\">\n<figure class=\"wp-block-image size-large\"><img data-dominant-color=\"9e8b5b\" data-has-transparency=\"false\" style=\"--dominant-color: #9e8b5b;\" loading=\"lazy\" decoding=\"async\" width=\"768\" height=\"512\" data-id=\"98\" src=\"https:\/\/faroamesa.pt\/wp-content\/uploads\/2025\/10\/Foto-3-512h-galeria.webp\" alt=\"\" class=\"wp-image-98 not-transparent\" srcset=\"https:\/\/faroamesa.pt\/wp-content\/uploads\/2025\/10\/Foto-3-512h-galeria.webp 768w, https:\/\/faroamesa.pt\/wp-content\/uploads\/2025\/10\/Foto-3-512h-galeria-300x200.webp 300w\" sizes=\"auto, (max-width: 768px) 100vw, 768px\" \/><\/figure>\n\n\n\n<figure class=\"wp-block-image size-large\"><img data-dominant-color=\"a27948\" data-has-transparency=\"false\" style=\"--dominant-color: #a27948;\" loading=\"lazy\" decoding=\"async\" width=\"768\" height=\"512\" data-id=\"99\" src=\"https:\/\/faroamesa.pt\/wp-content\/uploads\/2025\/10\/Foto-6-A-512h-galeria.webp\" alt=\"\" class=\"wp-image-99 not-transparent\" srcset=\"https:\/\/faroamesa.pt\/wp-content\/uploads\/2025\/10\/Foto-6-A-512h-galeria.webp 768w, https:\/\/faroamesa.pt\/wp-content\/uploads\/2025\/10\/Foto-6-A-512h-galeria-300x200.webp 300w\" sizes=\"auto, (max-width: 768px) 100vw, 768px\" \/><\/figure>\n\n\n\n<figure class=\"wp-block-image size-large\"><img data-dominant-color=\"91583f\" data-has-transparency=\"false\" style=\"--dominant-color: #91583f;\" loading=\"lazy\" decoding=\"async\" width=\"768\" height=\"512\" data-id=\"100\" src=\"https:\/\/faroamesa.pt\/wp-content\/uploads\/2025\/10\/Foto-12-512h-galeria.webp\" alt=\"\" class=\"wp-image-100 not-transparent\" srcset=\"https:\/\/faroamesa.pt\/wp-content\/uploads\/2025\/10\/Foto-12-512h-galeria.webp 768w, https:\/\/faroamesa.pt\/wp-content\/uploads\/2025\/10\/Foto-12-512h-galeria-300x200.webp 300w\" sizes=\"auto, (max-width: 768px) 100vw, 768px\" \/><\/figure>\n<\/figure>\n<\/div>\n<\/div>\n<\/div>\n\n\n\n<div class=\"wp-block-group alignfull has-accent-6-background-color has-background has-global-padding is-layout-constrained wp-container-core-group-is-layout-4480ce65 wp-block-group-is-layout-constrained\" style=\"margin-top:0;margin-bottom:0\">\n<div class=\"wp-block-group has-global-padding is-layout-constrained wp-container-core-group-is-layout-584ac8f8 wp-block-group-is-layout-constrained\" style=\"margin-top:0;margin-bottom:0;padding-top:var(--wp--preset--spacing--50);padding-right:0px;padding-bottom:var(--wp--preset--spacing--50);padding-left:0px\">\n<div class=\"wp-block-group resp-col is-nowrap is-layout-flex wp-container-core-group-is-layout-733557ff wp-block-group-is-layout-flex\" style=\"padding-right:var(--wp--preset--spacing--70);padding-left:var(--wp--preset--spacing--70)\">\n<div class=\"wp-block-group has-global-padding is-layout-constrained wp-block-group-is-layout-constrained\">\n<figure class=\"wp-block-gallery has-nested-images columns-1 is-cropped wp-block-gallery-5 is-layout-flex wp-block-gallery-is-layout-flex\">\n<figure class=\"wp-block-image size-large\"><img data-dominant-color=\"b48d67\" data-has-transparency=\"false\" style=\"--dominant-color: #b48d67;\" loading=\"lazy\" decoding=\"async\" width=\"768\" height=\"512\" data-id=\"109\" src=\"https:\/\/faroamesa.pt\/wp-content\/uploads\/2025\/10\/Foto-5-A-512h.webp\" alt=\"\" class=\"wp-image-109 not-transparent\" srcset=\"https:\/\/faroamesa.pt\/wp-content\/uploads\/2025\/10\/Foto-5-A-512h.webp 768w, https:\/\/faroamesa.pt\/wp-content\/uploads\/2025\/10\/Foto-5-A-512h-300x200.webp 300w\" sizes=\"auto, (max-width: 768px) 100vw, 768px\" \/><\/figure>\n\n\n\n<figure class=\"wp-block-image size-large\"><img data-dominant-color=\"6e4129\" data-has-transparency=\"false\" style=\"--dominant-color: #6e4129;\" loading=\"lazy\" decoding=\"async\" width=\"768\" height=\"512\" data-id=\"107\" src=\"https:\/\/faroamesa.pt\/wp-content\/uploads\/2025\/10\/Foto-6-B-512h.webp\" alt=\"\" class=\"wp-image-107 not-transparent\" srcset=\"https:\/\/faroamesa.pt\/wp-content\/uploads\/2025\/10\/Foto-6-B-512h.webp 768w, https:\/\/faroamesa.pt\/wp-content\/uploads\/2025\/10\/Foto-6-B-512h-300x200.webp 300w\" sizes=\"auto, (max-width: 768px) 100vw, 768px\" \/><\/figure>\n<\/figure>\n<\/div>\n\n\n\n<div class=\"wp-block-group has-global-padding is-layout-constrained wp-block-group-is-layout-constrained\">\n<div class=\"wp-block-group alignwide is-layout-flow wp-container-core-group-is-layout-d58a0413 wp-block-group-is-layout-flow\" style=\"padding-top:var(--wp--preset--spacing--50);padding-bottom:var(--wp--preset--spacing--50)\">\n<div class=\"wp-block-group has-global-padding is-layout-constrained wp-container-core-group-is-layout-12243e0f wp-block-group-is-layout-constrained\">\n<h2 class=\"wp-block-heading has-x-large-font-size\">Discover the restaurants that are featured in our guide<\/h2>\n\n\n\n<div class=\"wp-block-buttons is-layout-flex wp-block-buttons-is-layout-flex\">\n<div class=\"wp-block-button\"><a class=\"wp-block-button__link wp-element-button\" href=\"https:\/\/faroamesa.pt\/en\/restaurantes\/\">View restaurants<\/a><\/div>\n<\/div>\n<\/div>\n<\/div>\n<\/div>\n<\/div>\n<\/div>\n<\/div>\n\n\n\n<div class=\"wp-block-group alignfull has-global-padding is-layout-constrained wp-container-core-group-is-layout-08655630 wp-block-group-is-layout-constrained\" style=\"margin-top:0;margin-bottom:0;padding-top:var(--wp--preset--spacing--80);padding-bottom:var(--wp--preset--spacing--80)\">\n<div class=\"wp-block-group alignwide is-layout-flow wp-block-group-is-layout-flow\">\n<p class=\"has-text-align-center is-style-text-display has-inter-font-family has-x-large-font-size is-style-text-display--6\" style=\"font-style:normal;font-weight:400\">For more information <a href=\"\/en\/contactos\/\">contact us<\/a>.<\/p>\n\n\n\n<div style=\"height:var(--wp--preset--spacing--40)\" aria-hidden=\"true\" class=\"wp-block-spacer\"><\/div>\n\n\n\n<ul class=\"wp-block-social-links has-icon-color is-style-logos-only is-content-justification-center is-layout-flex wp-container-core-social-links-is-layout-a89b3969 wp-block-social-links-is-layout-flex\"><li class=\"wp-social-link wp-social-link-facebook has-contrast-color wp-block-social-link\"><a href=\"#\" class=\"wp-block-social-link-anchor\"><svg width=\"24\" height=\"24\" viewbox=\"0 0 24 24\" version=\"1.1\" xmlns=\"http:\/\/www.w3.org\/2000\/svg\" aria-hidden=\"true\" focusable=\"false\"><path d=\"M12 2C6.5 2 2 6.5 2 12c0 5 3.7 9.1 8.4 9.9v-7H7.9V12h2.5V9.8c0-2.5 1.5-3.9 3.8-3.9 1.1 0 2.2.2 2.2.2v2.5h-1.3c-1.2 0-1.6.8-1.6 1.6V12h2.8l-.4 2.9h-2.3v7C18.3 21.1 22 17 22 12c0-5.5-4.5-10-10-10z\"><\/path><\/svg><span class=\"wp-block-social-link-label screen-reader-text\">Facebook<\/span><\/a><\/li>\n\n<li class=\"wp-social-link wp-social-link-instagram has-contrast-color wp-block-social-link\"><a href=\"#\" class=\"wp-block-social-link-anchor\"><svg width=\"24\" height=\"24\" viewbox=\"0 0 24 24\" version=\"1.1\" xmlns=\"http:\/\/www.w3.org\/2000\/svg\" aria-hidden=\"true\" focusable=\"false\"><path d=\"M12,4.622c2.403,0,2.688,0.009,3.637,0.052c0.877,0.04,1.354,0.187,1.671,0.31c0.42,0.163,0.72,0.358,1.035,0.673 c0.315,0.315,0.51,0.615,0.673,1.035c0.123,0.317,0.27,0.794,0.31,1.671c0.043,0.949,0.052,1.234,0.052,3.637 s-0.009,2.688-0.052,3.637c-0.04,0.877-0.187,1.354-0.31,1.671c-0.163,0.42-0.358,0.72-0.673,1.035 c-0.315,0.315-0.615,0.51-1.035,0.673c-0.317,0.123-0.794,0.27-1.671,0.31c-0.949,0.043-1.233,0.052-3.637,0.052 s-2.688-0.009-3.637-0.052c-0.877-0.04-1.354-0.187-1.671-0.31c-0.42-0.163-0.72-0.358-1.035-0.673 c-0.315-0.315-0.51-0.615-0.673-1.035c-0.123-0.317-0.27-0.794-0.31-1.671C4.631,14.688,4.622,14.403,4.622,12 s0.009-2.688,0.052-3.637c0.04-0.877,0.187-1.354,0.31-1.671c0.163-0.42,0.358-0.72,0.673-1.035 c0.315-0.315,0.615-0.51,1.035-0.673c0.317-0.123,0.794-0.27,1.671-0.31C9.312,4.631,9.597,4.622,12,4.622 M12,3 C9.556,3,9.249,3.01,8.289,3.054C7.331,3.098,6.677,3.25,6.105,3.472C5.513,3.702,5.011,4.01,4.511,4.511 c-0.5,0.5-0.808,1.002-1.038,1.594C3.25,6.677,3.098,7.331,3.054,8.289C3.01,9.249,3,9.556,3,12c0,2.444,0.01,2.751,0.054,3.711 c0.044,0.958,0.196,1.612,0.418,2.185c0.23,0.592,0.538,1.094,1.038,1.594c0.5,0.5,1.002,0.808,1.594,1.038 c0.572,0.222,1.227,0.375,2.185,0.418C9.249,20.99,9.556,21,12,21s2.751-0.01,3.711-0.054c0.958-0.044,1.612-0.196,2.185-0.418 c0.592-0.23,1.094-0.538,1.594-1.038c0.5-0.5,0.808-1.002,1.038-1.594c0.222-0.572,0.375-1.227,0.418-2.185 C20.99,14.751,21,14.444,21,12s-0.01-2.751-0.054-3.711c-0.044-0.958-0.196-1.612-0.418-2.185c-0.23-0.592-0.538-1.094-1.038-1.594 c-0.5-0.5-1.002-0.808-1.594-1.038c-0.572-0.222-1.227-0.375-2.185-0.418C14.751,3.01,14.444,3,12,3L12,3z M12,7.378 c-2.552,0-4.622,2.069-4.622,4.622S9.448,16.622,12,16.622s4.622-2.069,4.622-4.622S14.552,7.378,12,7.378z M12,15 c-1.657,0-3-1.343-3-3s1.343-3,3-3s3,1.343,3,3S13.657,15,12,15z M16.804,6.116c-0.596,0-1.08,0.484-1.08,1.08 s0.484,1.08,1.08,1.08c0.596,0,1.08-0.484,1.08-1.08S17.401,6.116,16.804,6.116z\"><\/path><\/svg><span class=\"wp-block-social-link-label screen-reader-text\">Instagram<\/span><\/a><\/li><\/ul>\n<\/div>\n<\/div>","protected":false},"excerpt":{"rendered":"<p>Sobre o guia O Guia Faro \u00e0 Mesa &#8211; Onde comer na cidade e arredores visa divulgar os establecimentos de restaura\u00e7\u00e3o do concelho de Faro, dando conta da diversidade e qualidade existentes. Esta publica\u00e7\u00e3o \u00e9 o resultado do desafio \u00e0 generalidade dos estabelecimentos de qualidade para uma parceria concretizada nas 54 propostas que integram esta [&hellip;]<\/p>\n","protected":false},"author":1,"featured_media":0,"parent":0,"menu_order":0,"comment_status":"closed","ping_status":"closed","template":"page-no-title","meta":{"footnotes":""},"class_list":["post-17","page","type-page","status-publish","hentry"],"_links":{"self":[{"href":"https:\/\/faroamesa.pt\/en\/wp-json\/wp\/v2\/pages\/17","targetHints":{"allow":["GET"]}}],"collection":[{"href":"https:\/\/faroamesa.pt\/en\/wp-json\/wp\/v2\/pages"}],"about":[{"href":"https:\/\/faroamesa.pt\/en\/wp-json\/wp\/v2\/types\/page"}],"author":[{"embeddable":true,"href":"https:\/\/faroamesa.pt\/en\/wp-json\/wp\/v2\/users\/1"}],"replies":[{"embeddable":true,"href":"https:\/\/faroamesa.pt\/en\/wp-json\/wp\/v2\/comments?post=17"}],"version-history":[{"count":5,"href":"https:\/\/faroamesa.pt\/en\/wp-json\/wp\/v2\/pages\/17\/revisions"}],"predecessor-version":[{"id":1079,"href":"https:\/\/faroamesa.pt\/en\/wp-json\/wp\/v2\/pages\/17\/revisions\/1079"}],"wp:attachment":[{"href":"https:\/\/faroamesa.pt\/en\/wp-json\/wp\/v2\/media?parent=17"}],"curies":[{"name":"wp","href":"https:\/\/api.w.org\/{rel}","templated":true}]}}