{"id":255,"date":"2025-11-04T14:26:07","date_gmt":"2025-11-04T14:26:07","guid":{"rendered":"https:\/\/faroamesa.pt\/?page_id=255"},"modified":"2025-11-18T11:15:40","modified_gmt":"2025-11-18T11:15:40","slug":"contactos","status":"publish","type":"page","link":"https:\/\/faroamesa.pt\/en\/contactos\/","title":{"rendered":"Contacts"},"content":{"rendered":"<div class=\"wp-block-group has-global-padding is-layout-constrained wp-container-core-group-is-layout-e04489b5 wp-block-group-is-layout-constrained\">\n<p>For suggestions or feedback regarding the guide and website, for more information, or for partnership proposals, please contact us through one of the following methods:<\/p>\n\n\n\n<div class=\"wp-block-group has-global-padding is-layout-constrained wp-block-group-is-layout-constrained\">\n<h2 class=\"wp-block-heading\">\ud83d\udce7 Email<\/h2>\n\n\n\n<p><a href=\"mailto:info@faroamesa.pt\">info@faroamesa.pt<\/a><\/p>\n<\/div>\n\n\n\n<div class=\"wp-block-group has-global-padding is-layout-constrained wp-block-group-is-layout-constrained\">\n<h2 class=\"wp-block-heading\">\ud83d\udcde Phone<\/h2>\n\n\n\n<p class=\"has-inter-font-family\">+351 917 331 385<\/p>\n<\/div>\n<\/div>","protected":false},"excerpt":{"rendered":"<p>Para sugest\u00f5es ou opini\u00f5es acerca do guia e website, esclarecimento de d\u00favidas ou propostas de parceria, por favor contacte-nos atrav\u00e9s de um dos seguintes meios: \ud83d\udce7 Email info@faroamesa.pt \ud83d\udcde Telefone +351 917 331 385<\/p>","protected":false},"author":1,"featured_media":0,"parent":0,"menu_order":0,"comment_status":"closed","ping_status":"closed","template":"","meta":{"footnotes":""},"class_list":["post-255","page","type-page","status-publish","hentry"],"_links":{"self":[{"href":"https:\/\/faroamesa.pt\/en\/wp-json\/wp\/v2\/pages\/255","targetHints":{"allow":["GET"]}}],"collection":[{"href":"https:\/\/faroamesa.pt\/en\/wp-json\/wp\/v2\/pages"}],"about":[{"href":"https:\/\/faroamesa.pt\/en\/wp-json\/wp\/v2\/types\/page"}],"author":[{"embeddable":true,"href":"https:\/\/faroamesa.pt\/en\/wp-json\/wp\/v2\/users\/1"}],"replies":[{"embeddable":true,"href":"https:\/\/faroamesa.pt\/en\/wp-json\/wp\/v2\/comments?post=255"}],"version-history":[{"count":5,"href":"https:\/\/faroamesa.pt\/en\/wp-json\/wp\/v2\/pages\/255\/revisions"}],"predecessor-version":[{"id":1069,"href":"https:\/\/faroamesa.pt\/en\/wp-json\/wp\/v2\/pages\/255\/revisions\/1069"}],"wp:attachment":[{"href":"https:\/\/faroamesa.pt\/en\/wp-json\/wp\/v2\/media?parent=255"}],"curies":[{"name":"wp","href":"https:\/\/api.w.org\/{rel}","templated":true}]}}